{"id":3373,"date":"2023-01-30T07:58:36","date_gmt":"2023-01-30T07:58:36","guid":{"rendered":"https:\/\/eramai.gr\/datenschutzerklaerung\/"},"modified":"2025-03-21T12:20:36","modified_gmt":"2025-03-21T12:20:36","slug":"datenschutzerklaerung","status":"publish","type":"page","link":"https:\/\/eramai.gr\/de\/datenschutzerklaerung\/","title":{"rendered":"Datenschutzerkl\u00e4rung"},"content":{"rendered":"\r\n<h2 class=\"wp-block-heading\" style=\"text-align: justify;\">Wer wir sind<\/h2>\r\n\r\n\r\n\r\n<p style=\"text-align: justify;\">Wer wir sind<\/p>\r\n\r\n\r\n\r\n<h2 class=\"wp-block-heading\" style=\"text-align: justify;\">Kommentare<\/h2>\r\n\r\n\r\n\r\n<p style=\"text-align: justify;\">Wenn Besucher Kommentare auf der Seite hinterlassen, erfassen wir die im Kommentarformular angegebenen Daten sowie die IP-Adresse und den Browser-User-Agent-String des Besuchers zur Unterst\u00fctzung der Spam-Erkennung.<\/p>\r\n\r\n\r\n\r\n<p style=\"text-align: justify;\">Eine anonymisierte Zeichenkette, die aus Ihrer E-Mail-Adresse erstellt wird (auch Hash genannt), kann dem Gravatar-Dienst zur Verf\u00fcgung gestellt werden, um zu pr\u00fcfen, ob Sie diesen nutzen. Die Datenschutzerkl\u00e4rung des Gravatar-Dienstes ist hier verf\u00fcgbar: https:\/\/automattic.com\/privacy\/. Nach Genehmigung Ihres Kommentars ist Ihr Profilbild im Kontext Ihres Kommentars \u00f6ffentlich sichtbar.<\/p>\r\n\r\n\r\n\r\n<h2 class=\"wp-block-heading\" style=\"text-align: justify;\">Medien<\/h2>\r\n\r\n\r\n\r\n<p style=\"text-align: justify;\">Wenn Sie Bilder auf die Website hochladen, sollten Sie vermeiden, Bilder mit eingebetteten Standortdaten (EXIF GPS) hochzuladen. Besucher der Website k\u00f6nnen Standortdaten aus Bildern auf der Website herunterladen und extrahieren.e.<\/p>\r\n\r\n\r\n\r\n<h2 class=\"wp-block-heading\" style=\"text-align: justify;\">Cookies<\/h2>\r\n\r\n\r\n\r\n<p style=\"text-align: justify;\">Wenn Sie einen Kommentar auf unserer Website hinterlassen, k\u00f6nnen Sie sich daf\u00fcr entscheiden, Ihren Namen, Ihre E-Mail-Adresse und Ihre Website in Cookies zu speichern. Diese dienen Ihrer Bequemlichkeit, sodass Sie Ihre Daten nicht erneut eingeben m\u00fcssen, wenn Sie einen weiteren Kommentar hinterlassen. Diese Cookies bleiben ein Jahr lang gespeichert.<\/p>\r\n\r\n\r\n\r\n<p style=\"text-align: justify;\">Wenn Sie unsere Login-Seite besuchen, setzen wir ein tempor\u00e4res Cookie, um festzustellen, ob Ihr Browser Cookies akzeptiert. Dieses Cookie enth\u00e4lt keine pers\u00f6nlichen Daten und wird verworfen, sobald Sie Ihren Browser schlie\u00dfen.<\/p>\r\n\r\n\r\n\r\n<p style=\"text-align: justify;\">Wenn Sie sich einloggen, setzen wir mehrere Cookies, um Ihre Login-Informationen und Ihre Anzeigeeinstellungen zu speichern. Login-Cookies bleiben zwei Tage lang bestehen, und Bildschirmoptionen-Cookies ein Jahr lang. Wenn Sie &#8222;Angemeldet bleiben&#8220; ausw\u00e4hlen, bleibt Ihr Login zwei Wochen lang bestehen. Wenn Sie sich von Ihrem Konto abmelden, werden die Login-Cookies entfernt.<\/p>\r\n\r\n\r\n\r\n<p style=\"text-align: justify;\">Wenn Sie einen Artikel bearbeiten oder ver\u00f6ffentlichen, wird ein zus\u00e4tzliches Cookie in Ihrem Browser gespeichert. Dieses Cookie enth\u00e4lt keine pers\u00f6nlichen Daten und zeigt lediglich die Beitrags-ID des Artikels an, den Sie gerade bearbeitet haben. Es l\u00e4uft nach einem Tag ab.<\/p>\r\n\r\n\r\n\r\n<h2 class=\"wp-block-heading\" style=\"text-align: justify;\">Eingebettete Inhalte von anderen Websites<\/h2>\r\n\r\n\r\n\r\n<p style=\"text-align: justify;\">Beitr\u00e4ge auf dieser Website k\u00f6nnen eingebettete Inhalte (z. B. Videos, Bilder, Artikel usw.) enthalten. Eingebettete Inhalte von anderen Websites verhalten sich genau so, als ob der Besucher die andere Website besucht h\u00e4tte.<\/p>\r\n\r\n\r\n\r\n<p style=\"text-align: justify;\">Diese Websites k\u00f6nnen Daten \u00fcber Sie sammeln, Cookies verwenden, zus\u00e4tzliche Drittanbieter-Tracking-Funktionen einbetten und Ihre Interaktion mit diesem eingebetteten Inhalt \u00fcberwachen, einschlie\u00dflich des Trackings Ihrer Interaktion mit dem eingebetteten Inhalt, wenn Sie ein Konto haben und auf dieser Website eingeloggt sind.<\/p>\r\n\r\n\r\n\r\n<h2 class=\"wp-block-heading\" style=\"text-align: justify;\">Mit wem wir Ihre Daten teilen<\/h2>\r\n\r\n\r\n\r\n<p style=\"text-align: justify;\">Wenn Sie eine Passwortzur\u00fccksetzung anfordern, wird Ihre IP-Adresse in der Zur\u00fccksetzungs-E-Mail enthalten sein.<\/p>\r\n\r\n\r\n\r\n<h2 class=\"wp-block-heading\" style=\"text-align: justify;\">Wie lange wir Ihre Daten speichern<\/h2>\r\n\r\n\r\n\r\n<p style=\"text-align: justify;\">Wenn Sie einen Kommentar hinterlassen, wird der Kommentar und seine Metadaten auf unbestimmte Zeit gespeichert. Dies dient dazu, Folgekommentare automatisch zu erkennen und zu genehmigen, anstatt sie in einer Moderationswarteschlange zu halten.<\/p>\r\n\r\n\r\n\r\n<p style=\"text-align: justify;\">Benutzer, die sich auf unserer Website registrieren (falls zutreffend), speichern wir auch die pers\u00f6nlichen Informationen, die sie in ihrem Benutzerprofil angeben. Alle Benutzer k\u00f6nnen ihre pers\u00f6nlichen Informationen jederzeit einsehen, bearbeiten oder l\u00f6schen (au\u00dfer sie k\u00f6nnen ihren Benutzernamen nicht \u00e4ndern). Website-Administratoren k\u00f6nnen diese Informationen ebenfalls einsehen und bearbeiten.<\/p>\r\n\r\n\r\n\r\n<h2 class=\"wp-block-heading\" style=\"text-align: justify;\">Welche Rechte Sie an Ihren Daten haben<\/h2>\r\n\r\n\r\n\r\n<p style=\"text-align: justify;\">Wenn Sie ein Konto auf dieser Website haben oder Kommentare hinterlassen haben, k\u00f6nnen Sie eine exportierte Datei der pers\u00f6nlichen Daten anfordern, die wir \u00fcber Sie gespeichert haben, einschlie\u00dflich aller Daten, die Sie uns zur Verf\u00fcgung gestellt haben. Sie k\u00f6nnen auch verlangen, dass wir alle pers\u00f6nlichen Daten l\u00f6schen, die wir \u00fcber Sie gespeichert haben. Dies umfasst keine Daten, die wir aus administrativen, rechtlichen oder sicherheitsrelevanten Gr\u00fcnden aufbewahren m\u00fcssen.<\/p>\r\n\r\n\r\n\r\n<h2 class=\"wp-block-heading\" style=\"text-align: justify;\">Wohin Ihre Daten gesendet werden<\/h2>\r\n\r\n\r\n\r\n<p style=\"text-align: justify;\">Besucherkommentare k\u00f6nnen durch einen automatisierten Spam-Erkennungsdienst \u00fcberpr\u00fcft werden.<\/p>\r\n","protected":false},"excerpt":{"rendered":"<p>Wer wir sind Wer wir sind Kommentare Wenn Besucher Kommentare auf der Seite hinterlassen, erfassen wir die im Kommentarformular angegebenen Daten sowie die IP-Adresse und den Browser-User-Agent-String des Besuchers zur Unterst\u00fctzung der Spam-Erkennung. Eine anonymisierte Zeichenkette, die aus Ihrer E-Mail-Adresse erstellt wird (auch Hash genannt), kann dem Gravatar-Dienst zur Verf\u00fcgung gestellt werden, um zu pr\u00fcfen, [&hellip;]<\/p>\n","protected":false},"author":1,"featured_media":0,"parent":0,"menu_order":0,"comment_status":"closed","ping_status":"closed","template":"","meta":{"footnotes":""},"class_list":["post-3373","page","type-page","status-publish","hentry"],"_links":{"self":[{"href":"https:\/\/eramai.gr\/de\/wp-json\/wp\/v2\/pages\/3373","targetHints":{"allow":["GET"]}}],"collection":[{"href":"https:\/\/eramai.gr\/de\/wp-json\/wp\/v2\/pages"}],"about":[{"href":"https:\/\/eramai.gr\/de\/wp-json\/wp\/v2\/types\/page"}],"author":[{"embeddable":true,"href":"https:\/\/eramai.gr\/de\/wp-json\/wp\/v2\/users\/1"}],"replies":[{"embeddable":true,"href":"https:\/\/eramai.gr\/de\/wp-json\/wp\/v2\/comments?post=3373"}],"version-history":[{"count":4,"href":"https:\/\/eramai.gr\/de\/wp-json\/wp\/v2\/pages\/3373\/revisions"}],"predecessor-version":[{"id":3650,"href":"https:\/\/eramai.gr\/de\/wp-json\/wp\/v2\/pages\/3373\/revisions\/3650"}],"wp:attachment":[{"href":"https:\/\/eramai.gr\/de\/wp-json\/wp\/v2\/media?parent=3373"}],"curies":[{"name":"wp","href":"https:\/\/api.w.org\/{rel}","templated":true}]}}