{"id":3375,"date":"2023-01-31T15:29:23","date_gmt":"2023-01-31T15:29:23","guid":{"rendered":"https:\/\/eramai.gr\/allgemeine-geschaeftsbedingungen\/"},"modified":"2024-11-06T12:48:53","modified_gmt":"2024-11-06T12:48:53","slug":"allgemeine-geschaeftsbedingungen","status":"publish","type":"page","link":"https:\/\/eramai.gr\/de\/allgemeine-geschaeftsbedingungen\/","title":{"rendered":"Allgemeine Gesch\u00e4ftsbedingungen"},"content":{"rendered":"<p>Bitte lesen Sie diese Bedingungen sorgf\u00e4ltig durch, bevor Sie unsere Website https:\/\/eramai.gr\/ verwenden.<\/p>\n<h3>Nutzungsbedingungen<\/h3>\n<p>Wir stellen Ihnen unsere Dienstleistungen unter den im Folgenden beschriebenen Bedingungen zur Verf\u00fcgung. Jedes Mal, wenn Sie diese Website besuchen, akzeptieren Sie die folgenden Bedingungen. Daher empfehlen wir Ihnen, diese sorgf\u00e4ltig zu lesen.<\/p>\n<h3>Datenschutzrichtlinie<\/h3>\n<p>Bevor Sie unsere Website weiter nutzen, raten wir Ihnen, unsere Datenschutzrichtlinie hinsichtlich der Erfassung von Nutzerdaten zu lesen. Sie hilft Ihnen, unsere Praktiken besser zu verstehen.<\/p>\n<h3>Urheberrecht<\/h3>\n<p>Die auf dieser Website ver\u00f6ffentlichten Inhalte (digitale Downloads, Bilder, Texte, Grafiken, Logos) sind Eigentum von ERAMAI und\/oder deren Inhaltserstellern und durch internationale Urheberrechtsgesetze gesch\u00fctzt. Die gesamte Zusammenstellung der Inhalte auf dieser Website ist das ausschlie\u00dfliche Eigentum von ERAMAI, mit Urheberrecht an dieser Zusammenstellung f\u00fcr ERAMAI.<\/p>\n<h3>Kommunikation<\/h3>\n<p>Die gesamte Kommunikation mit uns erfolgt elektronisch. Jedes Mal, wenn Sie uns eine E-Mail senden oder unsere Website besuchen, kommunizieren Sie mit uns. Sie stimmen hiermit zu, von uns Mitteilungen zu erhalten. Wenn Sie sich f\u00fcr die Nachrichten auf unserer Website anmelden, erhalten Sie regelm\u00e4\u00dfig E-Mails von uns. Wir werden weiterhin \u00fcber unsere Website und per E-Mail mit Ihnen kommunizieren. Sie stimmen au\u00dferdem zu, dass alle Mitteilungen, Offenlegungen, Vereinbarungen und andere Kommunikation, die wir Ihnen elektronisch zur Verf\u00fcgung stellen, die rechtlichen Anforderungen erf\u00fcllen, die eine schriftliche Kommunikation vorschreiben.<\/p>\n<h3>Anwendbares Recht<\/h3>\n<p>Durch den Besuch dieser Website stimmen Sie zu, dass die Gesetze der griechischen Regierung, ungeachtet von Prinzipien des Kollisionsrechts, diese Bedingungen und Konditionen sowie jegliche Streitigkeiten zwischen ERAMAI und Ihnen oder deren Gesch\u00e4ftspartnern und Partnern regeln.<\/p>\n<h3>Streitigkeiten<\/h3>\n<p>Alle Streitigkeiten, die in irgendeiner Weise mit Ihrem Besuch auf dieser Website in Verbindung stehen, werden durch staatliche oder f\u00f6derale Gerichte der griechischen Regierung geschlichtet, und Sie stimmen der ausschlie\u00dflichen Zust\u00e4ndigkeit und dem Gerichtsstand dieser Gerichte zu.<\/p>\n<h3>Kommentare, Bewertungen und E-Mails<\/h3>\n<p>Besucher d\u00fcrfen Inhalte ver\u00f6ffentlichen, solange diese nicht obsz\u00f6n, illegal, verleumderisch, bedrohlich, geistige Eigentumsrechte verletzend, die Privatsph\u00e4re beeintr\u00e4chtigend oder auf andere Weise sch\u00e4dlich f\u00fcr Dritte sind. Inhalte d\u00fcrfen keine Softwareviren, politische Kampagnen oder kommerzielle Werbung enthalten.<\/p>\n<p>Wir behalten uns alle Rechte vor (jedoch nicht die Verpflichtung), solche Inhalte zu entfernen und\/oder zu bearbeiten. Wenn Sie Inhalte ver\u00f6ffentlichen, gew\u00e4hren Sie ERAMAI das nicht-exklusive, lizenzgeb\u00fchrenfreie und unwiderrufliche Recht, diese Inhalte weltweit in allen Medien zu verwenden, zu reproduzieren, zu ver\u00f6ffentlichen und zu \u00e4ndern.<\/p>\n<h3>Lizenz und Website-Zugriff<\/h3>\n<p>Wir gew\u00e4hren Ihnen eine eingeschr\u00e4nkte Lizenz, um auf diese Website zuzugreifen und sie f\u00fcr den pers\u00f6nlichen Gebrauch zu nutzen. Das Herunterladen oder Bearbeiten der Website ist nicht gestattet, es sei denn, es liegt eine schriftliche Zustimmung von uns vor.<\/p>\n<h3>Benutzerkonto<\/h3>\n<p>Wenn Sie Inhaber eines Kontos auf dieser Website sind, sind Sie allein verantwortlich f\u00fcr die Geheimhaltung Ihrer privaten Benutzerdaten (Benutzername und Passwort). Sie sind f\u00fcr alle Aktivit\u00e4ten verantwortlich, die unter Ihrem Konto oder Passwort stattfinden.<\/p>\n<p>Wir behalten uns alle Rechte vor, Konten zu k\u00fcndigen, Inhalte zu bearbeiten oder zu entfernen und Bestellungen nach eigenem Ermessen zu stornieren.<\/p>\n","protected":false},"excerpt":{"rendered":"<p>Bitte lesen Sie diese Bedingungen sorgf\u00e4ltig durch, bevor Sie unsere Website https:\/\/eramai.gr\/ verwenden. Nutzungsbedingungen Wir stellen Ihnen unsere Dienstleistungen unter den im Folgenden beschriebenen Bedingungen zur Verf\u00fcgung. Jedes Mal, wenn Sie diese Website besuchen, akzeptieren Sie die folgenden Bedingungen. Daher empfehlen wir Ihnen, diese sorgf\u00e4ltig zu lesen. Datenschutzrichtlinie Bevor Sie unsere Website weiter nutzen, raten [&hellip;]<\/p>\n","protected":false},"author":3,"featured_media":0,"parent":0,"menu_order":0,"comment_status":"closed","ping_status":"closed","template":"","meta":{"footnotes":""},"class_list":["post-3375","page","type-page","status-publish","hentry"],"_links":{"self":[{"href":"https:\/\/eramai.gr\/de\/wp-json\/wp\/v2\/pages\/3375","targetHints":{"allow":["GET"]}}],"collection":[{"href":"https:\/\/eramai.gr\/de\/wp-json\/wp\/v2\/pages"}],"about":[{"href":"https:\/\/eramai.gr\/de\/wp-json\/wp\/v2\/types\/page"}],"author":[{"embeddable":true,"href":"https:\/\/eramai.gr\/de\/wp-json\/wp\/v2\/users\/3"}],"replies":[{"embeddable":true,"href":"https:\/\/eramai.gr\/de\/wp-json\/wp\/v2\/comments?post=3375"}],"version-history":[{"count":1,"href":"https:\/\/eramai.gr\/de\/wp-json\/wp\/v2\/pages\/3375\/revisions"}],"predecessor-version":[{"id":3416,"href":"https:\/\/eramai.gr\/de\/wp-json\/wp\/v2\/pages\/3375\/revisions\/3416"}],"wp:attachment":[{"href":"https:\/\/eramai.gr\/de\/wp-json\/wp\/v2\/media?parent=3375"}],"curies":[{"name":"wp","href":"https:\/\/api.w.org\/{rel}","templated":true}]}}