{"id":3403,"date":"2023-06-07T09:01:29","date_gmt":"2023-06-07T09:01:29","guid":{"rendered":"https:\/\/eramai.gr\/standort\/"},"modified":"2025-03-21T12:19:19","modified_gmt":"2025-03-21T12:19:19","slug":"lage","status":"publish","type":"page","link":"https:\/\/eramai.gr\/de\/lage\/","title":{"rendered":"Lage"},"content":{"rendered":"\t\t<div data-elementor-type=\"wp-page\" data-elementor-id=\"3403\" class=\"elementor elementor-3403 elementor-1327\" data-elementor-post-type=\"page\">\n\t\t\t\t\t\t<section class=\"elementor-section elementor-top-section elementor-element elementor-element-7d715b9 elementor-section-boxed elementor-section-height-default elementor-section-height-default\" data-id=\"7d715b9\" data-element_type=\"section\">\n\t\t\t\t\t\t\t<div class=\"elementor-background-overlay\"><\/div>\n\t\t\t\t\t\t\t<div class=\"elementor-container elementor-column-gap-default\">\n\t\t\t\t\t<div class=\"elementor-column elementor-col-100 elementor-top-column elementor-element elementor-element-7ec2640\" data-id=\"7ec2640\" data-element_type=\"column\">\n\t\t\t<div class=\"elementor-widget-wrap elementor-element-populated\">\n\t\t\t\t\t\t<div class=\"elementor-element elementor-element-7f18735 elementor-widget elementor-widget-spacer\" data-id=\"7f18735\" data-element_type=\"widget\" data-widget_type=\"spacer.default\">\n\t\t\t\t<div class=\"elementor-widget-container\">\n\t\t\t<style>\/*! elementor - v3.21.0 - 26-05-2024 *\/\n.elementor-column .elementor-spacer-inner{height:var(--spacer-size)}.e-con{--container-widget-width:100%}.e-con-inner>.elementor-widget-spacer,.e-con>.elementor-widget-spacer{width:var(--container-widget-width,var(--spacer-size));--align-self:var(--container-widget-align-self,initial);--flex-shrink:0}.e-con-inner>.elementor-widget-spacer>.elementor-widget-container,.e-con>.elementor-widget-spacer>.elementor-widget-container{height:100%;width:100%}.e-con-inner>.elementor-widget-spacer>.elementor-widget-container>.elementor-spacer,.e-con>.elementor-widget-spacer>.elementor-widget-container>.elementor-spacer{height:100%}.e-con-inner>.elementor-widget-spacer>.elementor-widget-container>.elementor-spacer>.elementor-spacer-inner,.e-con>.elementor-widget-spacer>.elementor-widget-container>.elementor-spacer>.elementor-spacer-inner{height:var(--container-widget-height,var(--spacer-size))}.e-con-inner>.elementor-widget-spacer.elementor-widget-empty,.e-con>.elementor-widget-spacer.elementor-widget-empty{position:relative;min-height:22px;min-width:22px}.e-con-inner>.elementor-widget-spacer.elementor-widget-empty .elementor-widget-empty-icon,.e-con>.elementor-widget-spacer.elementor-widget-empty .elementor-widget-empty-icon{position:absolute;top:0;bottom:0;left:0;right:0;margin:auto;padding:0;width:22px;height:22px}<\/style>\t\t<div class=\"elementor-spacer\">\n\t\t\t<div class=\"elementor-spacer-inner\"><\/div>\n\t\t<\/div>\n\t\t\t\t<\/div>\n\t\t\t\t<\/div>\n\t\t\t\t<div class=\"elementor-element elementor-element-7159d99 elementor-widget elementor-widget-heading\" data-id=\"7159d99\" data-element_type=\"widget\" data-widget_type=\"heading.default\">\n\t\t\t\t<div class=\"elementor-widget-container\">\n\t\t\t<style>\/*! elementor - v3.21.0 - 26-05-2024 *\/\n.elementor-heading-title{padding:0;margin:0;line-height:1}.elementor-widget-heading .elementor-heading-title[class*=elementor-size-]>a{color:inherit;font-size:inherit;line-height:inherit}.elementor-widget-heading .elementor-heading-title.elementor-size-small{font-size:15px}.elementor-widget-heading .elementor-heading-title.elementor-size-medium{font-size:19px}.elementor-widget-heading .elementor-heading-title.elementor-size-large{font-size:29px}.elementor-widget-heading .elementor-heading-title.elementor-size-xl{font-size:39px}.elementor-widget-heading .elementor-heading-title.elementor-size-xxl{font-size:59px}<\/style><h1 class=\"elementor-heading-title elementor-size-default\">Wo Sie uns finden<\/h1>\t\t<\/div>\n\t\t\t\t<\/div>\n\t\t\t\t<div class=\"elementor-element elementor-element-94b1642 elementor-widget elementor-widget-spacer\" data-id=\"94b1642\" data-element_type=\"widget\" data-widget_type=\"spacer.default\">\n\t\t\t\t<div class=\"elementor-widget-container\">\n\t\t\t\t\t<div class=\"elementor-spacer\">\n\t\t\t<div class=\"elementor-spacer-inner\"><\/div>\n\t\t<\/div>\n\t\t\t\t<\/div>\n\t\t\t\t<\/div>\n\t\t\t\t<div class=\"elementor-element elementor-element-29bc629 elementor-widget elementor-widget-text-editor\" data-id=\"29bc629\" data-element_type=\"widget\" data-widget_type=\"text-editor.default\">\n\t\t\t\t<div class=\"elementor-widget-container\">\n\t\t\t<style>\/*! elementor - v3.21.0 - 26-05-2024 *\/\n.elementor-widget-text-editor.elementor-drop-cap-view-stacked .elementor-drop-cap{background-color:#69727d;color:#fff}.elementor-widget-text-editor.elementor-drop-cap-view-framed .elementor-drop-cap{color:#69727d;border:3px solid;background-color:transparent}.elementor-widget-text-editor:not(.elementor-drop-cap-view-default) .elementor-drop-cap{margin-top:8px}.elementor-widget-text-editor:not(.elementor-drop-cap-view-default) .elementor-drop-cap-letter{width:1em;height:1em}.elementor-widget-text-editor .elementor-drop-cap{float:left;text-align:center;line-height:1;font-size:50px}.elementor-widget-text-editor .elementor-drop-cap-letter{display:inline-block}<\/style>\t\t\t\t<p>Eramai liegt in unmittelbarer N\u00e4he der urbanen Fu\u00dfg\u00e4ngerzone Trion Navarhon und ist umgeben von den bekanntesten kulturellen und Lifestyle-Szenarien Patras. Sobald Sie unser Anwesen verlassen, f\u00fchren Sie alle Wege entweder zur beeindruckenden Kirche des Heiligen Andreas, zum idyllischen Meerespark der Stadt oder zu den zentralen Stra\u00dfen, die eine Vielzahl einzigartiger Restaurants, Cocktail-Lounges und Einkaufszentren bieten. Patras ist ganz nah, mit emblematischen arch\u00e4ologischen St\u00e4tten, die nur 2,5 km von unserem Hotel entfernt sind und bequem zu Fu\u00df erreichbar sind.<\/p>\t\t\t\t\t\t<\/div>\n\t\t\t\t<\/div>\n\t\t\t\t<section class=\"elementor-section elementor-inner-section elementor-element elementor-element-280cc9c elementor-section-boxed elementor-section-height-default elementor-section-height-default\" data-id=\"280cc9c\" data-element_type=\"section\">\n\t\t\t\t\t\t<div class=\"elementor-container elementor-column-gap-default\">\n\t\t\t\t\t<div class=\"elementor-column elementor-col-50 elementor-inner-column elementor-element elementor-element-368428b\" data-id=\"368428b\" data-element_type=\"column\">\n\t\t\t<div class=\"elementor-widget-wrap elementor-element-populated\">\n\t\t\t\t\t\t<div class=\"elementor-element elementor-element-0894c7e elementor-widget elementor-widget-image\" data-id=\"0894c7e\" data-element_type=\"widget\" data-widget_type=\"image.default\">\n\t\t\t\t<div class=\"elementor-widget-container\">\n\t\t\t<style>\/*! elementor - v3.21.0 - 26-05-2024 *\/\n.elementor-widget-image{text-align:center}.elementor-widget-image a{display:inline-block}.elementor-widget-image a img[src$=\".svg\"]{width:48px}.elementor-widget-image img{vertical-align:middle;display:inline-block}<\/style>\t\t\t\t\t\t\t\t\t\t<img fetchpriority=\"high\" decoding=\"async\" width=\"1008\" height=\"656\" src=\"https:\/\/eramai.gr\/wp-content\/uploads\/2023\/06\/18.jpg\" class=\"attachment-full size-full wp-image-1938\" alt=\"\" srcset=\"https:\/\/eramai.gr\/wp-content\/uploads\/2023\/06\/18.jpg 1008w, https:\/\/eramai.gr\/wp-content\/uploads\/2023\/06\/18-300x195.jpg 300w, https:\/\/eramai.gr\/wp-content\/uploads\/2023\/06\/18-768x500.jpg 768w\" sizes=\"(max-width: 1008px) 100vw, 1008px\" \/>\t\t\t\t\t\t\t\t\t\t\t\t\t<\/div>\n\t\t\t\t<\/div>\n\t\t\t\t\t<\/div>\n\t\t<\/div>\n\t\t\t\t<div class=\"elementor-column elementor-col-50 elementor-inner-column elementor-element elementor-element-5f6ae0d\" data-id=\"5f6ae0d\" data-element_type=\"column\">\n\t\t\t<div class=\"elementor-widget-wrap elementor-element-populated\">\n\t\t\t\t\t\t<div class=\"elementor-element elementor-element-19e31e9 elementor-widget elementor-widget-google_maps\" data-id=\"19e31e9\" data-element_type=\"widget\" data-widget_type=\"google_maps.default\">\n\t\t\t\t<div class=\"elementor-widget-container\">\n\t\t\t<style>\/*! elementor - v3.21.0 - 26-05-2024 *\/\n.elementor-widget-google_maps .elementor-widget-container{overflow:hidden}.elementor-widget-google_maps .elementor-custom-embed{line-height:0}.elementor-widget-google_maps iframe{height:300px}<\/style>\t\t<div class=\"elementor-custom-embed\">\n\t\t\t<iframe loading=\"lazy\"\n\t\t\t\t\tsrc=\"https:\/\/maps.google.com\/maps?q=Korinthou%20322%20%26%20Korai%2016.%20Patras&#038;t=m&#038;z=15&#038;output=embed&#038;iwloc=near\"\n\t\t\t\t\ttitle=\"Korinthou 322 &amp; Korai 16. Patras\"\n\t\t\t\t\taria-label=\"Korinthou 322 &amp; Korai 16. Patras\"\n\t\t\t><\/iframe>\n\t\t<\/div>\n\t\t\t\t<\/div>\n\t\t\t\t<\/div>\n\t\t\t\t\t<\/div>\n\t\t<\/div>\n\t\t\t\t\t<\/div>\n\t\t<\/section>\n\t\t\t\t<div class=\"elementor-element elementor-element-07be2cc elementor-widget elementor-widget-spacer\" data-id=\"07be2cc\" data-element_type=\"widget\" data-widget_type=\"spacer.default\">\n\t\t\t\t<div class=\"elementor-widget-container\">\n\t\t\t\t\t<div class=\"elementor-spacer\">\n\t\t\t<div class=\"elementor-spacer-inner\"><\/div>\n\t\t<\/div>\n\t\t\t\t<\/div>\n\t\t\t\t<\/div>\n\t\t\t\t<div class=\"elementor-element elementor-element-0327f63 elementor-widget elementor-widget-text-editor\" data-id=\"0327f63\" data-element_type=\"widget\" data-widget_type=\"text-editor.default\">\n\t\t\t\t<div class=\"elementor-widget-container\">\n\t\t\t\t\t\t\t<p>Bildquelle: <a href=\"https:\/\/paliapatra.gr\/\" target=\"_blank\" rel=\"noopener\">https:\/\/paliapatra.gr\/<\/a><\/p>\n\t\t\t\t\t\t<\/div>\n\t\t\t\t<\/div>\n\t\t\t\t\t<\/div>\n\t\t<\/div>\n\t\t\t\t\t<\/div>\n\t\t<\/section>\n\t\t\t\t<\/div>\n\t\t","protected":false},"excerpt":{"rendered":"<p>Wo Sie uns finden Eramai liegt in unmittelbarer N\u00e4he der urbanen Fu\u00dfg\u00e4ngerzone Trion Navarhon und ist umgeben von den bekanntesten kulturellen und Lifestyle-Szenarien Patras. Sobald Sie unser Anwesen verlassen, f\u00fchren Sie alle Wege entweder zur beeindruckenden Kirche des Heiligen Andreas, zum idyllischen Meerespark der Stadt oder zu den zentralen Stra\u00dfen, die eine Vielzahl einzigartiger Restaurants, [&hellip;]<\/p>\n","protected":false},"author":4,"featured_media":0,"parent":0,"menu_order":0,"comment_status":"closed","ping_status":"closed","template":"","meta":{"footnotes":""},"class_list":["post-3403","page","type-page","status-publish","hentry"],"_links":{"self":[{"href":"https:\/\/eramai.gr\/de\/wp-json\/wp\/v2\/pages\/3403","targetHints":{"allow":["GET"]}}],"collection":[{"href":"https:\/\/eramai.gr\/de\/wp-json\/wp\/v2\/pages"}],"about":[{"href":"https:\/\/eramai.gr\/de\/wp-json\/wp\/v2\/types\/page"}],"author":[{"embeddable":true,"href":"https:\/\/eramai.gr\/de\/wp-json\/wp\/v2\/users\/4"}],"replies":[{"embeddable":true,"href":"https:\/\/eramai.gr\/de\/wp-json\/wp\/v2\/comments?post=3403"}],"version-history":[{"count":8,"href":"https:\/\/eramai.gr\/de\/wp-json\/wp\/v2\/pages\/3403\/revisions"}],"predecessor-version":[{"id":3648,"href":"https:\/\/eramai.gr\/de\/wp-json\/wp\/v2\/pages\/3403\/revisions\/3648"}],"wp:attachment":[{"href":"https:\/\/eramai.gr\/de\/wp-json\/wp\/v2\/media?parent=3403"}],"curies":[{"name":"wp","href":"https:\/\/api.w.org\/{rel}","templated":true}]}}